{"id":786,"date":"2018-07-03T13:51:04","date_gmt":"2018-07-03T16:51:04","guid":{"rendered":"https:\/\/isfdyt210-bue.infd.edu.ar\/sitio\/ubicacion\/"},"modified":"2024-11-20T20:19:44","modified_gmt":"2024-11-20T23:19:44","slug":"ubicacion","status":"publish","type":"page","link":"https:\/\/isfdyt210-bue.infd.edu.ar\/sitio\/ubicacion\/","title":{"rendered":"Ubicaci\u00f3n y Contacto"},"content":{"rendered":"<p><strong>DIRECCIONES<\/strong><\/p>\n<ul>\n<li><strong data-rich-text-format-boundary=\"true\">Direcci\u00f3n Sede La Plata<\/strong>: Calle 36 N\u00b0382, entre calles 2 y 3<\/li>\n<\/ul>\n<p><strong data-rich-text-format-boundary=\"true\">Horarios de atenci\u00f3n (La Plata)<\/strong>: 8:00 a 22:00 hs.<\/p>\n<p><img decoding=\"async\" loading=\"lazy\" class=\"alignnone wp-image-1773 \" src=\"https:\/\/isfdyt210-bue.infd.edu.ar\/sitio\/wp-content\/uploads\/2022\/06\/WhatsApp-Image-2022-06-08-at-11.48.05-AM-1-500x500.jpeg\" alt=\"\" width=\"304\" height=\"304\"> <img decoding=\"async\" loading=\"lazy\" class=\"alignnone wp-image-1774 \" src=\"https:\/\/isfdyt210-bue.infd.edu.ar\/sitio\/wp-content\/uploads\/2022\/06\/WhatsApp-Image-2022-06-08-at-11.48.05-AM-500x500.jpeg\" alt=\"\" width=\"303\" height=\"303\"><\/p>\n<ul id=\"block-34feae94-b932-475d-a3cd-2010b6889879\" class=\"block-editor-rich-text__editable block-editor-block-list__block wp-block is-selected rich-text\" tabindex=\"0\" role=\"group\" contenteditable=\"true\" aria-multiline=\"true\" aria-label=\"Bloque: Lista\" data-block=\"34feae94-b932-475d-a3cd-2010b6889879\" data-type=\"core\/list\" data-title=\"Lista\">\n<li><strong data-rich-text-format-boundary=\"true\">Direcci\u00f3n Extensi\u00f3n&nbsp;\u00c1ulica Abasto<\/strong>: calle 516 bis entre calles 207 y 208 (E.E.S. N\u00b073)<\/li>\n<\/ul>\n<p><strong data-rich-text-format-boundary=\"true\">Horarios de atenci\u00f3n (Abasto)<\/strong>: 17:30 a 22:00 Hs.<\/p>\n<p><img decoding=\"async\" loading=\"lazy\" class=\"alignnone  wp-image-1705\" src=\"https:\/\/isfdyt210-bue.infd.edu.ar\/sitio\/wp-content\/uploads\/2022\/06\/EES73.jpeg\" alt=\"\" width=\"404\" height=\"260\"><\/p>\n<hr>\n\n\n<p class=\"has-text-align-left\"><h5 class=\"has-text-align-left\"><strong>COMUNICATE CON EL INSTITUTO<\/strong><\/h5><\/p>\n\n\n\n<p>Correo electr\u00f3nico: <span style=\"color:#0a96e7\" class=\"has-inline-color\">instituto210@gmail.com<\/span> \/ <span class=\"has-inline-color has-vivid-cyan-blue-color\">isfdyt210laplata@abc.gob.ar<\/span><\/p>\n\n\n\n<p>Tel\u00e9fonos: (221) 521-8363 (sede La Plata)<\/p>\n","protected":false},"excerpt":{"rendered":"<p>DIRECCIONES Direcci\u00f3n Sede La Plata: Calle 36 N\u00b0382, entre calles 2 y 3 Horarios de atenci\u00f3n (La Plata): 8:00 a 22:00 hs. Direcci\u00f3n Extensi\u00f3n&nbsp;\u00c1ulica Abasto: calle 516 bis entre calles 207 y 208 (E.E.S. N\u00b073) Horarios de atenci\u00f3n (Abasto): 17:30 a 22:00 Hs. COMUNICATE CON EL INSTITUTO Correo electr\u00f3nico: instituto210@gmail.com \/ isfdyt210laplata@abc.gob.ar Tel\u00e9fonos: (221) 521-8363 &#8230; <a title=\"Ubicaci\u00f3n y Contacto\" class=\"read-more\" href=\"https:\/\/isfdyt210-bue.infd.edu.ar\/sitio\/ubicacion\/\" aria-label=\"More on Ubicaci\u00f3n y Contacto\">[+]<\/a><\/p>\n","protected":false},"author":568,"featured_media":0,"parent":0,"menu_order":0,"comment_status":"closed","ping_status":"closed","template":"","meta":[],"acf":[],"_links":{"self":[{"href":"https:\/\/isfdyt210-bue.infd.edu.ar\/sitio\/wp-json\/wp\/v2\/pages\/786"}],"collection":[{"href":"https:\/\/isfdyt210-bue.infd.edu.ar\/sitio\/wp-json\/wp\/v2\/pages"}],"about":[{"href":"https:\/\/isfdyt210-bue.infd.edu.ar\/sitio\/wp-json\/wp\/v2\/types\/page"}],"author":[{"embeddable":true,"href":"https:\/\/isfdyt210-bue.infd.edu.ar\/sitio\/wp-json\/wp\/v2\/users\/568"}],"replies":[{"embeddable":true,"href":"https:\/\/isfdyt210-bue.infd.edu.ar\/sitio\/wp-json\/wp\/v2\/comments?post=786"}],"version-history":[{"count":16,"href":"https:\/\/isfdyt210-bue.infd.edu.ar\/sitio\/wp-json\/wp\/v2\/pages\/786\/revisions"}],"predecessor-version":[{"id":1941,"href":"https:\/\/isfdyt210-bue.infd.edu.ar\/sitio\/wp-json\/wp\/v2\/pages\/786\/revisions\/1941"}],"wp:attachment":[{"href":"https:\/\/isfdyt210-bue.infd.edu.ar\/sitio\/wp-json\/wp\/v2\/media?parent=786"}],"curies":[{"name":"wp","href":"https:\/\/api.w.org\/{rel}","templated":true}]}}