{"id":1478,"date":"2020-12-03T10:43:29","date_gmt":"2020-12-03T13:43:29","guid":{"rendered":"https:\/\/isfdyt210-bue.infd.edu.ar\/sitio\/?page_id=1478"},"modified":"2025-10-23T10:08:32","modified_gmt":"2025-10-23T13:08:32","slug":"ingresantes-2021","status":"publish","type":"page","link":"https:\/\/isfdyt210-bue.infd.edu.ar\/sitio\/ingresantes-2021\/","title":{"rendered":"INGRESANTES"},"content":{"rendered":"<div class=\"gmail_default\">\n<h1 style=\"text-align: center;\"><strong>INSCRIPCIONES 2026: Del 17 de noviembre al 19 de diciembre<\/strong><\/h1>\n<p><img decoding=\"async\" loading=\"lazy\" class=\"size-medium wp-image-1992 aligncenter\" src=\"https:\/\/isfdyt210-bue.infd.edu.ar\/sitio\/wp-content\/uploads\/2025\/10\/WhatsApp-Image-2025-10-21-at-18.57.50-1000x1000.jpeg\" alt=\"\" width=\"1000\" height=\"1000\" srcset=\"https:\/\/isfdyt210-bue.infd.edu.ar\/sitio\/wp-content\/uploads\/2025\/10\/WhatsApp-Image-2025-10-21-at-18.57.50-1000x1000.jpeg 1000w, https:\/\/isfdyt210-bue.infd.edu.ar\/sitio\/wp-content\/uploads\/2025\/10\/WhatsApp-Image-2025-10-21-at-18.57.50-500x500.jpeg 500w, https:\/\/isfdyt210-bue.infd.edu.ar\/sitio\/wp-content\/uploads\/2025\/10\/WhatsApp-Image-2025-10-21-at-18.57.50-768x769.jpeg 768w, https:\/\/isfdyt210-bue.infd.edu.ar\/sitio\/wp-content\/uploads\/2025\/10\/WhatsApp-Image-2025-10-21-at-18.57.50.jpeg 1200w\" sizes=\"(max-width: 1000px) 100vw, 1000px\" \/><\/p>\n<h1><span style=\"color: #000000;\"><b>REQUISITOS DE INGRESO:<\/b><\/span><\/h1>\n<p><img decoding=\"async\" loading=\"lazy\" class=\"alignnone size-medium wp-image-1993 aligncenter\" src=\"https:\/\/isfdyt210-bue.infd.edu.ar\/sitio\/wp-content\/uploads\/2025\/10\/WhatsApp-Image-2025-10-21-at-18.57.59-1000x1000.jpeg\" alt=\"\" width=\"1000\" height=\"1000\" srcset=\"https:\/\/isfdyt210-bue.infd.edu.ar\/sitio\/wp-content\/uploads\/2025\/10\/WhatsApp-Image-2025-10-21-at-18.57.59-1000x1000.jpeg 1000w, https:\/\/isfdyt210-bue.infd.edu.ar\/sitio\/wp-content\/uploads\/2025\/10\/WhatsApp-Image-2025-10-21-at-18.57.59-500x500.jpeg 500w, https:\/\/isfdyt210-bue.infd.edu.ar\/sitio\/wp-content\/uploads\/2025\/10\/WhatsApp-Image-2025-10-21-at-18.57.59-768x769.jpeg 768w, https:\/\/isfdyt210-bue.infd.edu.ar\/sitio\/wp-content\/uploads\/2025\/10\/WhatsApp-Image-2025-10-21-at-18.57.59.jpeg 1200w\" sizes=\"(max-width: 1000px) 100vw, 1000px\" \/><\/p>\n<p>Record\u00e1 que para inscribirte a una carrera de nivel superior debes contar con el secundario completo. Pero s<span style=\"font-weight: 400;\">i todav\u00eda est\u00e1s cursando el \u00faltimo a\u00f1o del secundario, pod\u00e9s pedir una <\/span><i style=\"font-weight: 400;\"><span style=\"font-weight: 400;\">Constancia de Alumno Regular<\/span><\/i><span style=\"font-weight: 400;\"> en donde figure qu\u00e9 a\u00f1o est\u00e1s realizando y, si se adeudan materias, explicitar cu\u00e1les. <\/span>Quienes se inscriben en esta condici\u00f3n y <i>adeudaran alguna materia<\/i>, conformar\u00e1n un listado de <i>Inscripci\u00f3n Condiciona<\/i><em>l<\/em> hasta agosto 2026, momento en el que deber\u00e1n presentar <i>constancia de t\u00edtulo en tr\u00e1mite y\/o el t\u00edtulo\/anal\u00edtico de nivel secundario <\/i>para confirmar inscripci\u00f3n.<\/p>\n<p><strong>\u00a0<\/strong><\/p>\n<p>&nbsp;<\/p>\n<p><strong>IMPORTANTE:<\/strong><\/p>\n<p>El Instituto Superior de Formaci\u00f3n Docente y T\u00e9cnica N\u00ba 210 es una instituci\u00f3n educativa de nivel superior, p\u00fablica de gesti\u00f3n estatal y gratuita, dependiente de la Direcci\u00f3n de Educaci\u00f3n Superior y de la Direcci\u00f3n General de Cultura y Educaci\u00f3n de la Provincia de Buenos Aires. Todas las carreras que se dictan en turno vespertino ser\u00e1n de Lunes a Viernes de 18-22 Hs. tanto en sede La Plata como en la extensi\u00f3n \u00e1ulica de Abasto, mientras que el turno ma\u00f1ana es de 8 a 12 Hs. y el turno tarde se dictar\u00e1 de Lunes a Viernes de 14-18 Hs (s\u00f3lo Sede La Plata).\u00a0 Las carreras son presenciales. Los t\u00edtulos de las mismas poseen validez nacional.<br \/>La Instituci\u00f3n cuenta con una cooperadora que sostiene, acompa\u00f1a y articula distintas acciones para mejorar las condiciones de infraestructura y de materiales de trabajo institucional, que se sostiene con los aportes mensuales de sus socias\/os.<\/p>\n<\/div>\n<p><img decoding=\"async\" loading=\"lazy\" class=\" wp-image-1996 aligncenter\" src=\"https:\/\/isfdyt210-bue.infd.edu.ar\/sitio\/wp-content\/uploads\/2025\/10\/UNICO-MEDIO-DE-CONTACTO-1000x667.png\" alt=\"\" width=\"440\" height=\"293\" \/><\/p>\n","protected":false},"excerpt":{"rendered":"<p>INSCRIPCIONES 2026: Del 17 de noviembre al 19 de diciembre REQUISITOS DE INGRESO: Record\u00e1 que para inscribirte a una carrera de nivel superior debes contar con el secundario completo. Pero si todav\u00eda est\u00e1s cursando el \u00faltimo a\u00f1o del secundario, pod\u00e9s pedir una Constancia de Alumno Regular en donde figure qu\u00e9 a\u00f1o est\u00e1s realizando y, si &#8230; <a title=\"INGRESANTES\" class=\"read-more\" href=\"https:\/\/isfdyt210-bue.infd.edu.ar\/sitio\/ingresantes-2021\/\" aria-label=\"More on INGRESANTES\">[+]<\/a><\/p>\n","protected":false},"author":509,"featured_media":0,"parent":0,"menu_order":0,"comment_status":"closed","ping_status":"closed","template":"","meta":[],"acf":[],"_links":{"self":[{"href":"https:\/\/isfdyt210-bue.infd.edu.ar\/sitio\/wp-json\/wp\/v2\/pages\/1478"}],"collection":[{"href":"https:\/\/isfdyt210-bue.infd.edu.ar\/sitio\/wp-json\/wp\/v2\/pages"}],"about":[{"href":"https:\/\/isfdyt210-bue.infd.edu.ar\/sitio\/wp-json\/wp\/v2\/types\/page"}],"author":[{"embeddable":true,"href":"https:\/\/isfdyt210-bue.infd.edu.ar\/sitio\/wp-json\/wp\/v2\/users\/509"}],"replies":[{"embeddable":true,"href":"https:\/\/isfdyt210-bue.infd.edu.ar\/sitio\/wp-json\/wp\/v2\/comments?post=1478"}],"version-history":[{"count":93,"href":"https:\/\/isfdyt210-bue.infd.edu.ar\/sitio\/wp-json\/wp\/v2\/pages\/1478\/revisions"}],"predecessor-version":[{"id":1998,"href":"https:\/\/isfdyt210-bue.infd.edu.ar\/sitio\/wp-json\/wp\/v2\/pages\/1478\/revisions\/1998"}],"wp:attachment":[{"href":"https:\/\/isfdyt210-bue.infd.edu.ar\/sitio\/wp-json\/wp\/v2\/media?parent=1478"}],"curies":[{"name":"wp","href":"https:\/\/api.w.org\/{rel}","templated":true}]}}