{"id":1142,"date":"2020-04-02T16:02:24","date_gmt":"2020-04-02T19:02:24","guid":{"rendered":"https:\/\/isfdyt210-bue.infd.edu.ar\/sitio\/?page_id=1142"},"modified":"2025-10-29T21:42:17","modified_gmt":"2025-10-30T00:42:17","slug":"becas","status":"publish","type":"page","link":"https:\/\/isfdyt210-bue.infd.edu.ar\/sitio\/becas\/","title":{"rendered":"DOCENTES"},"content":{"rendered":"<h6><a href=\"https:\/\/isfdyt210-bue.infd.edu.ar\/sitio\/wp-content\/uploads\/2022\/06\/resolucion_nro5886_cobertura_de_catedra.pdf\">Resoluci\u00f3n 5886\/03- Cobertura de c\u00e1tedra<\/a><\/h6>\n<h6><a href=\"https:\/\/isfdyt210-bue.infd.edu.ar\/sitio\/wp-content\/uploads\/2022\/06\/Disposicion_30-05_-_Instructivo_confeccion_Proyectos_de_Catedra_3.doc\">Disposici\u00f3n 30\/05 Instructivo confecci\u00f3n Proyectos de C\u00e1tedra<\/a><\/h6>\n<p><strong>Documentaci\u00f3n\/formularios\u00a0<\/strong><\/p>\n<h6><a href=\"https:\/\/isfdyt210-bue.infd.edu.ar\/sitio\/wp-content\/uploads\/2022\/06\/DECLARACION-JURADA-2021-bco.xlsx\">PLANILLA DECLARACI\u00d3N-JURADA<\/a><\/h6>\n","protected":false},"excerpt":{"rendered":"<p>Resoluci\u00f3n 5886\/03- Cobertura de c\u00e1tedra Disposici\u00f3n 30\/05 Instructivo confecci\u00f3n Proyectos de C\u00e1tedra Documentaci\u00f3n\/formularios\u00a0 PLANILLA DECLARACI\u00d3N-JURADA<\/p>\n","protected":false},"author":568,"featured_media":0,"parent":0,"menu_order":0,"comment_status":"closed","ping_status":"closed","template":"","meta":[],"acf":[],"_links":{"self":[{"href":"https:\/\/isfdyt210-bue.infd.edu.ar\/sitio\/wp-json\/wp\/v2\/pages\/1142"}],"collection":[{"href":"https:\/\/isfdyt210-bue.infd.edu.ar\/sitio\/wp-json\/wp\/v2\/pages"}],"about":[{"href":"https:\/\/isfdyt210-bue.infd.edu.ar\/sitio\/wp-json\/wp\/v2\/types\/page"}],"author":[{"embeddable":true,"href":"https:\/\/isfdyt210-bue.infd.edu.ar\/sitio\/wp-json\/wp\/v2\/users\/568"}],"replies":[{"embeddable":true,"href":"https:\/\/isfdyt210-bue.infd.edu.ar\/sitio\/wp-json\/wp\/v2\/comments?post=1142"}],"version-history":[{"count":16,"href":"https:\/\/isfdyt210-bue.infd.edu.ar\/sitio\/wp-json\/wp\/v2\/pages\/1142\/revisions"}],"predecessor-version":[{"id":2031,"href":"https:\/\/isfdyt210-bue.infd.edu.ar\/sitio\/wp-json\/wp\/v2\/pages\/1142\/revisions\/2031"}],"wp:attachment":[{"href":"https:\/\/isfdyt210-bue.infd.edu.ar\/sitio\/wp-json\/wp\/v2\/media?parent=1142"}],"curies":[{"name":"wp","href":"https:\/\/api.w.org\/{rel}","templated":true}]}}