{"id":1055,"date":"2020-02-18T15:38:56","date_gmt":"2020-02-18T18:38:56","guid":{"rendered":"https:\/\/isfdyt210-bue.infd.edu.ar\/sitio\/?page_id=1055"},"modified":"2025-10-23T12:29:48","modified_gmt":"2025-10-23T15:29:48","slug":"estudiantes","status":"publish","type":"page","link":"https:\/\/isfdyt210-bue.infd.edu.ar\/sitio\/estudiantes\/","title":{"rendered":"ESTUDIANTES"},"content":{"rendered":"<p><strong>INSCRIPCIONES A CARRERAS CICLO LECTIVO 2026<\/strong><\/p>\n<p>A partir del 17\/11\/2025 comienzan las inscripciones para las carreras aprobadas para el ciclo lectivo 2026.<br \/>Para realizar la inscripci\u00f3n definitiva deber\u00e1n acercarse a las sedes en los d\u00edas y horarios comunicados a continuaci\u00f3n junto con la siguiente documentaci\u00f3n:<\/p>\n<ul>\n<li>UN Folio tama\u00f1o oficio<\/li>\n<li>Formulario de Inscripci\u00f3n (Disponible para descargar en: <a href=\"https:\/\/abc.gob.ar\/secretarias\/sites\/default\/files\/2023-08\/Formacion%20Docente%20inicial%2C%20Tecnica%20y%20Artistica%20-%20Planilla%20de%20inscripci%C3%B3n%20-%20Educaci%C3%B3n%20Superior.pdf\">Formulario de Inscripci\u00f3n 2026<\/a>) por dos<\/li>\n<li>Dos fotocopias de DNI<\/li>\n<li>2 fotos carnet<\/li>\n<li>Dos fotocopias de t\u00edtulo secundario (o en su defecto: certificado de t\u00edtulo en tr\u00e1mite\/ alumno regular \u00faltimo a\u00f1o)<\/li>\n<li>Dos copias de Certificado de Nacimiento<\/li>\n<li>Certificado m\u00e9dico de buena salud<\/li>\n<\/ul>\n<p>IMPORTANTE: quienes adeudan materias del \u00faltimo a\u00f1o de secundario pueden presentar anal\u00edtico incompleto. La inscripci\u00f3n se tomar\u00e1 condicional teniendo tiempo para regularizar la situaci\u00f3n hasta Agosto 2025.<\/p>\n<p>CARRERAS y SEDES:<\/p>\n<p><strong>Sede La Plata: 36 n\u00b0382 entre 2 y 3 \u2013 Lunes a Viernes de 9 a 21:30 hs.<\/strong><\/p>\n<ul>\n<li>Profesorado de Educaci\u00f3n Secundaria en Geograf\u00eda: Duraci\u00f3n: 4 a\u00f1os &#8211; Turno Vespertino<\/li>\n<li>Profesorado de Educaci\u00f3n F\u00edsica (sujeto a aprobaci\u00f3n): Duraci\u00f3n: 4 a\u00f1os &#8211; Turno Ma\u00f1ana\u00a0<\/li>\n<li>Tecnicatura Superior en An\u00e1lisis de Sistemas: Duraci\u00f3n: 3 a\u00f1os &#8211; Turno Vespertino<\/li>\n<li>Tecnicatura Superior en Enfermer\u00eda: Duraci\u00f3n 3 a\u00f1os &#8211; Turno Tarde (turno ma\u00f1ana sujeto a aprobaci\u00f3n)<\/li>\n<\/ul>\n<p><strong>Extensi\u00f3n \u00e1ulica Abasto: 516 bis e\/ 207 y 208 Martes, Mi\u00e9rcoles y Jueves de 18 a 21hs*<\/strong><\/p>\n<ul>\n<li>Profesorado de Educaci\u00f3n Primaria (Duraci\u00f3n 4 a\u00f1os) &#8211; Turno Vespertino<\/li>\n<li>Profesorado de Educaci\u00f3n Inicial (Duraci\u00f3n 4 a\u00f1os) &#8211; Turno Vespertino<\/li>\n<li>Tecnicatura Superior en Higiene y Seguridad en el Trabajo (Duraci\u00f3n 3 a\u00f1os) &#8211; Turno Vespertino<\/li>\n<li>Tecnicatura Superior en Acompa\u00f1amiento Terap\u00e9utico (Duraci\u00f3n 3 a\u00f1os) &#8211; Turno Vespertino<\/li>\n<\/ul>\n<p>*La inscripci\u00f3n para extensi\u00f3n Abasto tambi\u00e9n puede realizarse en sede La Plata en los horarios consignados.*<\/p>\n<p>El Instituto Superior de Formaci\u00f3n Docente y T\u00e9cnica N\u00ba 210 es una instituci\u00f3n educativa de nivel superior, p\u00fablica de gesti\u00f3n estatal y gratuita, dependiente de la Direcci\u00f3n de Educaci\u00f3n Superior de la Direcci\u00f3n General de Cultura y Educaci\u00f3n, Provincia de Buenos Aires. Todas nuestras carreras se dictan de Lunes a Viernes de manera presencial. Los t\u00edtulos de las mismas poseen validez nacional.<\/p>\n<p>La Instituci\u00f3n cuenta con una cooperadora que sostiene, acompa\u00f1a y articula distintas acciones para mejorar las condiciones de infraestructura y de materiales de trabajo institucional, que se solventa con los aportes mensuales de sus socias\/os.<\/p>\n<p><img decoding=\"async\" loading=\"lazy\" class=\"size-medium wp-image-1999 aligncenter\" src=\"https:\/\/isfdyt210-bue.infd.edu.ar\/sitio\/wp-content\/uploads\/2025\/10\/UNICO-MEDIO-DE-CONTACTO-1000x335.png\" alt=\"\" width=\"1000\" height=\"335\" srcset=\"https:\/\/isfdyt210-bue.infd.edu.ar\/sitio\/wp-content\/uploads\/2025\/10\/UNICO-MEDIO-DE-CONTACTO-1000x335.png 1000w, https:\/\/isfdyt210-bue.infd.edu.ar\/sitio\/wp-content\/uploads\/2025\/10\/UNICO-MEDIO-DE-CONTACTO-768x257.png 768w, https:\/\/isfdyt210-bue.infd.edu.ar\/sitio\/wp-content\/uploads\/2025\/10\/UNICO-MEDIO-DE-CONTACTO.png 1536w\" sizes=\"(max-width: 1000px) 100vw, 1000px\" \/><\/p>\n<h2 style=\"text-align: center;\"><strong><em>Documentos Institucionales<\/em><\/strong><\/h2>\n<p data-wp-editing=\"1\"><img class=\"alignnone\" alt=\"\" \/><img decoding=\"async\" loading=\"lazy\" class=\"size-full wp-image-2005 aligncenter\" src=\"https:\/\/isfdyt210-bue.infd.edu.ar\/sitio\/wp-content\/uploads\/2025\/10\/EQUIVALENCIA-DESCARGAR.png\" alt=\"\" width=\"736\" height=\"91\" \/><\/p>\n<p data-wp-editing=\"1\"><a href=\"https:\/\/isfdyt210-bue.infd.edu.ar\/sitio\/wp-content\/uploads\/2020\/02\/equivalenciaresumen.pdf\"><img decoding=\"async\" loading=\"lazy\" class=\"size-full wp-image-2006 aligncenter\" src=\"https:\/\/isfdyt210-bue.infd.edu.ar\/sitio\/wp-content\/uploads\/2025\/10\/EQUIVALENCIA-DESCARGAR-1.png\" alt=\"\" width=\"736\" height=\"91\" \/><\/a><\/p>\n<p data-wp-editing=\"1\"><a href=\"https:\/\/isfdyt210-bue.infd.edu.ar\/sitio\/wp-content\/uploads\/2020\/02\/constanciaalumnoregular.pdf\"><img decoding=\"async\" loading=\"lazy\" class=\"alignnone size-full wp-image-2007 aligncenter\" src=\"https:\/\/isfdyt210-bue.infd.edu.ar\/sitio\/wp-content\/uploads\/2025\/10\/EQUIVALENCIA-DESCARGAR-2.png\" alt=\"\" width=\"736\" height=\"91\" \/><\/a><\/p>\n<p style=\"text-align: center;\"><img decoding=\"async\" loading=\"lazy\" class=\"alignnone  wp-image-2008\" src=\"https:\/\/isfdyt210-bue.infd.edu.ar\/sitio\/wp-content\/uploads\/2025\/10\/progresar-1000x331.png\" alt=\"\" width=\"538\" height=\"178\" srcset=\"https:\/\/isfdyt210-bue.infd.edu.ar\/sitio\/wp-content\/uploads\/2025\/10\/progresar-1000x331.png 1000w, https:\/\/isfdyt210-bue.infd.edu.ar\/sitio\/wp-content\/uploads\/2025\/10\/progresar-768x254.png 768w, https:\/\/isfdyt210-bue.infd.edu.ar\/sitio\/wp-content\/uploads\/2025\/10\/progresar.png 1536w\" sizes=\"(max-width: 538px) 100vw, 538px\" \/>\u00a0<\/p>\n<h3>Becas Progresar:<\/h3>\n<p>Informaci\u00f3n:\u00a0<a href=\"https:\/\/www.argentina.gob.ar\/educacion\/progresar\/requisitos\/progresar-nivel-superior\">https:\/\/www.argentina.gob.ar\/educacion\/progresar\/requisitos\/progresar-nivel-superior\u00a0<\/a><\/p>\n<p>Requisitos: <a href=\"https:\/\/www.argentina.gob.ar\/educacion\/progresar\/preguntas-frecuentes-progresar\/educacion-superior-faq\">https:\/\/www.argentina.gob.ar\/educacion\/progresar\/preguntas-frecuentes-progresar\/educacion-superior-faq\u00a0<\/a><\/p>\n<p style=\"text-align: center;\"><strong>IMPORTANTE!<\/strong><\/p>\n<p>Para blanqueo de clave o datos de usuarios, los estudiantes deben ponerse en contacto con el sector de mesa de ayuda. <strong>Tel\u00e9fono:<\/strong> 0800-999-1066 <strong>Mensajes:<\/strong> Por plataforma <strong>E-mail:<\/strong> mesadeayudabecas@gmail.com<\/p>\n","protected":false},"excerpt":{"rendered":"<p>INSCRIPCIONES A CARRERAS CICLO LECTIVO 2026 A partir del 17\/11\/2025 comienzan las inscripciones para las carreras aprobadas para el ciclo lectivo 2026.Para realizar la inscripci\u00f3n definitiva deber\u00e1n acercarse a las sedes en los d\u00edas y horarios comunicados a continuaci\u00f3n junto con la siguiente documentaci\u00f3n: UN Folio tama\u00f1o oficio Formulario de Inscripci\u00f3n (Disponible para descargar en: &#8230; <a title=\"ESTUDIANTES\" class=\"read-more\" href=\"https:\/\/isfdyt210-bue.infd.edu.ar\/sitio\/estudiantes\/\" aria-label=\"More on ESTUDIANTES\">[+]<\/a><\/p>\n","protected":false},"author":509,"featured_media":0,"parent":0,"menu_order":0,"comment_status":"closed","ping_status":"closed","template":"","meta":[],"acf":[],"_links":{"self":[{"href":"https:\/\/isfdyt210-bue.infd.edu.ar\/sitio\/wp-json\/wp\/v2\/pages\/1055"}],"collection":[{"href":"https:\/\/isfdyt210-bue.infd.edu.ar\/sitio\/wp-json\/wp\/v2\/pages"}],"about":[{"href":"https:\/\/isfdyt210-bue.infd.edu.ar\/sitio\/wp-json\/wp\/v2\/types\/page"}],"author":[{"embeddable":true,"href":"https:\/\/isfdyt210-bue.infd.edu.ar\/sitio\/wp-json\/wp\/v2\/users\/509"}],"replies":[{"embeddable":true,"href":"https:\/\/isfdyt210-bue.infd.edu.ar\/sitio\/wp-json\/wp\/v2\/comments?post=1055"}],"version-history":[{"count":74,"href":"https:\/\/isfdyt210-bue.infd.edu.ar\/sitio\/wp-json\/wp\/v2\/pages\/1055\/revisions"}],"predecessor-version":[{"id":2012,"href":"https:\/\/isfdyt210-bue.infd.edu.ar\/sitio\/wp-json\/wp\/v2\/pages\/1055\/revisions\/2012"}],"wp:attachment":[{"href":"https:\/\/isfdyt210-bue.infd.edu.ar\/sitio\/wp-json\/wp\/v2\/media?parent=1055"}],"curies":[{"name":"wp","href":"https:\/\/api.w.org\/{rel}","templated":true}]}}